{"id":1639,"date":"2023-08-23T13:53:11","date_gmt":"2023-08-23T17:53:11","guid":{"rendered":"https:\/\/am.ardecom.com\/?page_id=1639"},"modified":"2023-11-29T14:37:05","modified_gmt":"2023-11-29T19:37:05","slug":"medias","status":"publish","type":"page","link":"https:\/\/amsexologue.com\/en\/services\/medias\/","title":{"rendered":"Medias &#038; Collaborations"},"content":{"rendered":"\t\t<div data-elementor-type=\"wp-page\" data-elementor-id=\"1639\" class=\"elementor elementor-1639 elementor-651\" data-elementor-post-type=\"page\">\n\t\t\t\t\t\t<section class=\"elementor-section elementor-top-section elementor-element elementor-element-1ac529b elementor-section-boxed elementor-section-height-default elementor-section-height-default\" data-id=\"1ac529b\" data-element_type=\"section\">\n\t\t\t\t\t\t<div class=\"elementor-container elementor-column-gap-default\">\n\t\t\t\t\t<div class=\"elementor-column elementor-col-100 elementor-top-column elementor-element elementor-element-fedc757\" data-id=\"fedc757\" data-element_type=\"column\">\n\t\t\t<div class=\"elementor-widget-wrap elementor-element-populated\">\n\t\t\t\t\t\t<div class=\"elementor-element elementor-element-29ee93f elementor-widget elementor-widget-heading\" data-id=\"29ee93f\" data-element_type=\"widget\" data-widget_type=\"heading.default\">\n\t\t\t\t<div class=\"elementor-widget-container\">\n\t\t\t\t\t<h1 class=\"elementor-heading-title elementor-size-default\">Medias &amp; collaborations<\/h1>\t\t\t\t<\/div>\n\t\t\t\t<\/div>\n\t\t\t\t<div class=\"elementor-element elementor-element-9885de0 elementor-widget elementor-widget-text-editor\" data-id=\"9885de0\" data-element_type=\"widget\" data-widget_type=\"text-editor.default\">\n\t\t\t\t<div class=\"elementor-widget-container\">\n\t\t\t\t\t\t\t\t\t<p>I&#8217;m excited about connecting through various media avenues like interviews, podcasts, and collaborations to have meaningful discussions about human sexuality. In the field of sexology, these interactive efforts play a crucial role in spreading accurate knowledge, questioning common misconceptions, and creating spaces for open conversations. The blend of media and sexology is like a new and exciting way of looking at things that resonates with people from different backgrounds and ages. It&#8217;s an effective platform to dive into important topics about sexual health and relationships that matter to all of us.<\/p><p>Talking openly about human sexuality can be a challenge due to taboos, but it&#8217;s essential to set things straight and prevent misinformation from spreading. By using media and different platforms together, we can help correct misunderstandings and promote a culture of accurate information sharing. This approach makes discussing human sexuality more normal, leading to better acceptance and understanding.<\/p><p>By bringing together diverse perspectives and encouraging open conversations, the mix of media and sexology does more than educate \u2013 it empowers. The interactive nature of media also lets people actively participate, creating a community where ideas can be shared without judgment. Feel free to reach out for media-related inquiries. Your participation can help us have better conversations about human sexuality and relationships.<\/p><p>Sexology encompasses a variety of subjects and themes such as social considerations, ethics and law, physical health, psychosexual development, sexual violence, addiction, relationships, sexual orientation and gender identity, sexual dysfunction, family planning, fertility, and much more.<\/p><h2>Past Media Collaborations<\/h2><ul><li>Beyond the boudoir: making sense of sex after a diagnosis by Tina Quintanilla for Pink in the City (collaboration)<\/li><li>Let\u2019s talk about \u2026 our bodies by Audrey Morabito, sexologist for Laval Families Magazine<\/li><li>Quand le te\u0301le\u0301phone s\u2019immisce dans un couple by Martine Veillette for Journal de Chambly (collaboration)<\/li><li>La s\u00e8cheresse vaginale : parlons-en ! by Catherine Couturier for Coup de Pouce (collaboration)<\/li><li>Le d\u00e9sir, une \u00e9tincelle \u00e0 cultiver by Chantal Tellier for Bel Age (collaboration)<\/li><li>Sexe, Genre, Etc: episode 1 : <em><a href=\"https:\/\/www.youtube.com\/watch?v=F_7QviE0ut0&amp;t=2s\">\u00e9ducation\u00a0<span lang=\"FR-CA\">\u00e0<\/span>\u00a0la\u00a0sexualit\u00e9\u00a0<\/a><\/em><\/li><li>Sexe, Genre, Etc. :\u00a0<em><a href=\"https:\/\/www.youtube.com\/watch?v=vF0y8hcluvQ\">\u00e9pisode 3:\u00a0la lingerie<\/a><\/em><\/li><li>Sexe, Genre, Etc. :\u00a0<a href=\"https:\/\/www.youtube.com\/watch?v=oS8hv6RvMpc\">\u00e9pisode 9: <em>jouets sexuels<\/em><\/a><\/li><li>Sexe, Genre, Etc. :\u00a0<a href=\"https:\/\/www.youtube.com\/watch?v=tzDH0g19onY\">\u00e9pisode 10: <em>Donjon et BDSM<\/em><\/a><\/li><li>Canal M, <em><a href=\"https:\/\/canalm.vuesetvoix.com\/que-fait-on-en-cas-de-panne-de-desir\/\">Vivement les femmes : Que fait-on en cas de panne de d\u00e9sir<\/a><\/em><\/li><li>G\u00e9n\u00e9ration Sidechick, <em><a href=\"https:\/\/www.youtube.com\/watch?v=dRLPBIckJIc&amp;t=12\">La dynamique sexuelle au sein d&#8217;un couple<\/a><\/em><\/li><\/ul>\t\t\t\t\t\t\t\t<\/div>\n\t\t\t\t<\/div>\n\t\t\t\t<div class=\"elementor-element elementor-element-e28cd6e elementor-align-center elementor-widget elementor-widget-button\" data-id=\"e28cd6e\" data-element_type=\"widget\" data-widget_type=\"button.default\">\n\t\t\t\t<div class=\"elementor-widget-container\">\n\t\t\t\t\t\t\t\t\t<div class=\"elementor-button-wrapper\">\n\t\t\t\t\t<a class=\"elementor-button elementor-button-link elementor-size-lg\" href=\"\/en\/contact\/\">\n\t\t\t\t\t\t<span class=\"elementor-button-content-wrapper\">\n\t\t\t\t\t\t\t\t\t<span class=\"elementor-button-text\">Get in touch with me today!<\/span>\n\t\t\t\t\t<\/span>\n\t\t\t\t\t<\/a>\n\t\t\t\t<\/div>\n\t\t\t\t\t\t\t\t<\/div>\n\t\t\t\t<\/div>\n\t\t\t\t\t<\/div>\n\t\t<\/div>\n\t\t\t\t\t<\/div>\n\t\t<\/section>\n\t\t\t\t<\/div>\n\t\t","protected":false},"excerpt":{"rendered":"<p>Medias &#038; collaborations I&#8217;m excited about connecting through various media avenues like interviews, podcasts, and collaborations to have meaningful discussions about human sexuality. In the field of sexology, these interactive efforts play a crucial role in spreading accurate knowledge, questioning common misconceptions, and creating spaces for open conversations. The blend of media and sexology is [&hellip;]<\/p>\n","protected":false},"author":1,"featured_media":0,"parent":1617,"menu_order":0,"comment_status":"closed","ping_status":"closed","template":"elementor_header_footer","meta":{"site-sidebar-layout":"no-sidebar","site-content-layout":"page-builder","ast-site-content-layout":"default","site-content-style":"default","site-sidebar-style":"default","ast-global-header-display":"","ast-banner-title-visibility":"","ast-main-header-display":"","ast-hfb-above-header-display":"","ast-hfb-below-header-display":"","ast-hfb-mobile-header-display":"","site-post-title":"disabled","ast-breadcrumbs-content":"","ast-featured-img":"disabled","footer-sml-layout":"","theme-transparent-header-meta":"default","adv-header-id-meta":"","stick-header-meta":"default","header-above-stick-meta":"","header-main-stick-meta":"","header-below-stick-meta":"","astra-migrate-meta-layouts":"set","ast-page-background-enabled":"default","ast-page-background-meta":{"desktop":{"background-color":"var(--ast-global-color-4)","background-image":"","background-repeat":"repeat","background-position":"center center","background-size":"auto","background-attachment":"scroll","background-type":"","background-media":"","overlay-type":"","overlay-color":"","overlay-opacity":"","overlay-gradient":""},"tablet":{"background-color":"","background-image":"","background-repeat":"repeat","background-position":"center center","background-size":"auto","background-attachment":"scroll","background-type":"","background-media":"","overlay-type":"","overlay-color":"","overlay-opacity":"","overlay-gradient":""},"mobile":{"background-color":"","background-image":"","background-repeat":"repeat","background-position":"center center","background-size":"auto","background-attachment":"scroll","background-type":"","background-media":"","overlay-type":"","overlay-color":"","overlay-opacity":"","overlay-gradient":""}},"ast-content-background-meta":{"desktop":{"background-color":"var(--ast-global-color-5)","background-image":"","background-repeat":"repeat","background-position":"center center","background-size":"auto","background-attachment":"scroll","background-type":"","background-media":"","overlay-type":"","overlay-color":"","overlay-opacity":"","overlay-gradient":""},"tablet":{"background-color":"var(--ast-global-color-5)","background-image":"","background-repeat":"repeat","background-position":"center center","background-size":"auto","background-attachment":"scroll","background-type":"","background-media":"","overlay-type":"","overlay-color":"","overlay-opacity":"","overlay-gradient":""},"mobile":{"background-color":"var(--ast-global-color-5)","background-image":"","background-repeat":"repeat","background-position":"center center","background-size":"auto","background-attachment":"scroll","background-type":"","background-media":"","overlay-type":"","overlay-color":"","overlay-opacity":"","overlay-gradient":""}},"footnotes":""},"class_list":["post-1639","page","type-page","status-publish","hentry"],"yoast_head":"<!-- This site is optimized with the Yoast SEO plugin v24.6 - https:\/\/yoast.com\/wordpress\/plugins\/seo\/ -->\n<title>Medias &amp; Collaborations - Audrey Morabito, sexologist and psychotherapist<\/title>\n<meta name=\"robots\" content=\"index, follow, max-snippet:-1, max-image-preview:large, max-video-preview:-1\" \/>\n<link rel=\"canonical\" href=\"https:\/\/amsexologue.com\/services\/medias\/\" \/>\n<meta property=\"og:locale\" content=\"en_US\" \/>\n<meta property=\"og:type\" content=\"article\" \/>\n<meta property=\"og:title\" content=\"Medias &amp; Collaborations - Audrey Morabito, sexologist and psychotherapist\" \/>\n<meta property=\"og:description\" content=\"Medias &#038; collaborations I&#8217;m excited about connecting through various media avenues like interviews, podcasts, and collaborations to have meaningful discussions about human sexuality. In the field of sexology, these interactive efforts play a crucial role in spreading accurate knowledge, questioning common misconceptions, and creating spaces for open conversations. The blend of media and sexology is [&hellip;]\" \/>\n<meta property=\"og:url\" content=\"https:\/\/amsexologue.com\/services\/medias\/\" \/>\n<meta property=\"og:site_name\" content=\"Audrey Morabito, sexologist and psychotherapist\" \/>\n<meta property=\"article:publisher\" content=\"https:\/\/www.facebook.com\/ams3xologue\" \/>\n<meta property=\"article:modified_time\" content=\"2023-11-29T19:37:05+00:00\" \/>\n<meta name=\"twitter:card\" content=\"summary_large_image\" \/>\n<meta name=\"twitter:label1\" content=\"Est. reading time\" \/>\n\t<meta name=\"twitter:data1\" content=\"2 minutes\" \/>\n<script type=\"application\/ld+json\" class=\"yoast-schema-graph\">{\"@context\":\"https:\/\/schema.org\",\"@graph\":[{\"@type\":\"WebPage\",\"@id\":\"https:\/\/amsexologue.com\/services\/medias\/\",\"url\":\"https:\/\/amsexologue.com\/services\/medias\/\",\"name\":\"Medias & Collaborations - Audrey Morabito, sexologist and psychotherapist\",\"isPartOf\":{\"@id\":\"https:\/\/amsexologue.com\/en\/#website\"},\"datePublished\":\"2023-08-23T17:53:11+00:00\",\"dateModified\":\"2023-11-29T19:37:05+00:00\",\"breadcrumb\":{\"@id\":\"https:\/\/amsexologue.com\/services\/medias\/#breadcrumb\"},\"inLanguage\":\"en-US\",\"potentialAction\":[{\"@type\":\"ReadAction\",\"target\":[\"https:\/\/amsexologue.com\/services\/medias\/\"]}]},{\"@type\":\"BreadcrumbList\",\"@id\":\"https:\/\/amsexologue.com\/services\/medias\/#breadcrumb\",\"itemListElement\":[{\"@type\":\"ListItem\",\"position\":1,\"name\":\"Accueil\",\"item\":\"https:\/\/amsexologue.com\/\"},{\"@type\":\"ListItem\",\"position\":2,\"name\":\"Services\",\"item\":\"https:\/\/amsexologue.com\/en\/services\/\"},{\"@type\":\"ListItem\",\"position\":3,\"name\":\"Medias &#038; Collaborations\"}]},{\"@type\":\"WebSite\",\"@id\":\"https:\/\/amsexologue.com\/en\/#website\",\"url\":\"https:\/\/amsexologue.com\/en\/\",\"name\":\"Audrey Morabito, sexologue et psychoth\u00e9rapeute\",\"description\":\"\",\"publisher\":{\"@id\":\"https:\/\/amsexologue.com\/en\/#organization\"},\"potentialAction\":[{\"@type\":\"SearchAction\",\"target\":{\"@type\":\"EntryPoint\",\"urlTemplate\":\"https:\/\/amsexologue.com\/en\/?s={search_term_string}\"},\"query-input\":{\"@type\":\"PropertyValueSpecification\",\"valueRequired\":true,\"valueName\":\"search_term_string\"}}],\"inLanguage\":\"en-US\"},{\"@type\":\"Organization\",\"@id\":\"https:\/\/amsexologue.com\/en\/#organization\",\"name\":\"Audrey Morabito, sexologue et psychoth\u00e9rapeute\",\"url\":\"https:\/\/amsexologue.com\/en\/\",\"logo\":{\"@type\":\"ImageObject\",\"inLanguage\":\"en-US\",\"@id\":\"https:\/\/amsexologue.com\/en\/#\/schema\/logo\/image\/\",\"url\":\"https:\/\/amsexologue.com\/wp-content\/uploads\/2023\/09\/audrey-morabito-logo-en.png\",\"contentUrl\":\"https:\/\/amsexologue.com\/wp-content\/uploads\/2023\/09\/audrey-morabito-logo-en.png\",\"width\":800,\"height\":185,\"caption\":\"Audrey Morabito, sexologue et psychoth\u00e9rapeute\"},\"image\":{\"@id\":\"https:\/\/amsexologue.com\/en\/#\/schema\/logo\/image\/\"},\"sameAs\":[\"https:\/\/www.facebook.com\/ams3xologue\",\"https:\/\/www.instagram.com\/amsexologue\/\"]}]}<\/script>\n<!-- \/ Yoast SEO plugin. -->","yoast_head_json":{"title":"Medias & Collaborations - Audrey Morabito, sexologist and psychotherapist","robots":{"index":"index","follow":"follow","max-snippet":"max-snippet:-1","max-image-preview":"max-image-preview:large","max-video-preview":"max-video-preview:-1"},"canonical":"https:\/\/amsexologue.com\/services\/medias\/","og_locale":"en_US","og_type":"article","og_title":"Medias & Collaborations - Audrey Morabito, sexologist and psychotherapist","og_description":"Medias &#038; collaborations I&#8217;m excited about connecting through various media avenues like interviews, podcasts, and collaborations to have meaningful discussions about human sexuality. In the field of sexology, these interactive efforts play a crucial role in spreading accurate knowledge, questioning common misconceptions, and creating spaces for open conversations. The blend of media and sexology is [&hellip;]","og_url":"https:\/\/amsexologue.com\/services\/medias\/","og_site_name":"Audrey Morabito, sexologist and psychotherapist","article_publisher":"https:\/\/www.facebook.com\/ams3xologue","article_modified_time":"2023-11-29T19:37:05+00:00","twitter_card":"summary_large_image","twitter_misc":{"Est. reading time":"2 minutes"},"schema":{"@context":"https:\/\/schema.org","@graph":[{"@type":"WebPage","@id":"https:\/\/amsexologue.com\/services\/medias\/","url":"https:\/\/amsexologue.com\/services\/medias\/","name":"Medias & Collaborations - Audrey Morabito, sexologist and psychotherapist","isPartOf":{"@id":"https:\/\/amsexologue.com\/en\/#website"},"datePublished":"2023-08-23T17:53:11+00:00","dateModified":"2023-11-29T19:37:05+00:00","breadcrumb":{"@id":"https:\/\/amsexologue.com\/services\/medias\/#breadcrumb"},"inLanguage":"en-US","potentialAction":[{"@type":"ReadAction","target":["https:\/\/amsexologue.com\/services\/medias\/"]}]},{"@type":"BreadcrumbList","@id":"https:\/\/amsexologue.com\/services\/medias\/#breadcrumb","itemListElement":[{"@type":"ListItem","position":1,"name":"Accueil","item":"https:\/\/amsexologue.com\/"},{"@type":"ListItem","position":2,"name":"Services","item":"https:\/\/amsexologue.com\/en\/services\/"},{"@type":"ListItem","position":3,"name":"Medias &#038; Collaborations"}]},{"@type":"WebSite","@id":"https:\/\/amsexologue.com\/en\/#website","url":"https:\/\/amsexologue.com\/en\/","name":"Audrey Morabito, sexologue et psychoth\u00e9rapeute","description":"","publisher":{"@id":"https:\/\/amsexologue.com\/en\/#organization"},"potentialAction":[{"@type":"SearchAction","target":{"@type":"EntryPoint","urlTemplate":"https:\/\/amsexologue.com\/en\/?s={search_term_string}"},"query-input":{"@type":"PropertyValueSpecification","valueRequired":true,"valueName":"search_term_string"}}],"inLanguage":"en-US"},{"@type":"Organization","@id":"https:\/\/amsexologue.com\/en\/#organization","name":"Audrey Morabito, sexologue et psychoth\u00e9rapeute","url":"https:\/\/amsexologue.com\/en\/","logo":{"@type":"ImageObject","inLanguage":"en-US","@id":"https:\/\/amsexologue.com\/en\/#\/schema\/logo\/image\/","url":"https:\/\/amsexologue.com\/wp-content\/uploads\/2023\/09\/audrey-morabito-logo-en.png","contentUrl":"https:\/\/amsexologue.com\/wp-content\/uploads\/2023\/09\/audrey-morabito-logo-en.png","width":800,"height":185,"caption":"Audrey Morabito, sexologue et psychoth\u00e9rapeute"},"image":{"@id":"https:\/\/amsexologue.com\/en\/#\/schema\/logo\/image\/"},"sameAs":["https:\/\/www.facebook.com\/ams3xologue","https:\/\/www.instagram.com\/amsexologue\/"]}]}},"_links":{"self":[{"href":"https:\/\/amsexologue.com\/en\/wp-json\/wp\/v2\/pages\/1639","targetHints":{"allow":["GET"]}}],"collection":[{"href":"https:\/\/amsexologue.com\/en\/wp-json\/wp\/v2\/pages"}],"about":[{"href":"https:\/\/amsexologue.com\/en\/wp-json\/wp\/v2\/types\/page"}],"author":[{"embeddable":true,"href":"https:\/\/amsexologue.com\/en\/wp-json\/wp\/v2\/users\/1"}],"replies":[{"embeddable":true,"href":"https:\/\/amsexologue.com\/en\/wp-json\/wp\/v2\/comments?post=1639"}],"version-history":[{"count":26,"href":"https:\/\/amsexologue.com\/en\/wp-json\/wp\/v2\/pages\/1639\/revisions"}],"predecessor-version":[{"id":2027,"href":"https:\/\/amsexologue.com\/en\/wp-json\/wp\/v2\/pages\/1639\/revisions\/2027"}],"up":[{"embeddable":true,"href":"https:\/\/amsexologue.com\/en\/wp-json\/wp\/v2\/pages\/1617"}],"wp:attachment":[{"href":"https:\/\/amsexologue.com\/en\/wp-json\/wp\/v2\/media?parent=1639"}],"curies":[{"name":"wp","href":"https:\/\/api.w.org\/{rel}","templated":true}]}}